{"id":1405,"date":"2025-01-02T21:00:26","date_gmt":"2025-01-02T21:00:26","guid":{"rendered":"http:\/\/wintercafe25.local\/?post_type=product&#038;p=1405"},"modified":"2025-06-26T11:52:01","modified_gmt":"2025-06-26T11:52:01","slug":"chic-choc-75cl-2","status":"publish","type":"product","link":"https:\/\/dekode-ia.fr\/en\/product\/chic-choc-75cl-2\/","title":{"rendered":"CHIC CHOC 75cl"},"content":{"rendered":"<p>Le rhum \u00e9pic\u00e9 Chic Choc est la combinaison parfaite entre un rhum agricole de premi\u00e8re qualit\u00e9 et une s\u00e9lection d\u2019\u00e9pices bor\u00e9ales 100% qu\u00e9b\u00e9coises.<br \/>\nUn rhum canadien de caract\u00e8re laissant para\u00eetre des notes de vanille, de gingembre et d\u2019\u00e9pices bor\u00e9ales.<\/p>","protected":false},"excerpt":{"rendered":"<p>Chic Choc spiced rum is the perfect combination of premium agricultural rum and a selection of 100% Quebec boreal spices.<br \/>\nA Canadian rum with character, revealing notes of vanilla, ginger and boreal spices.<\/p>","protected":false},"featured_media":0,"template":"","meta":{"site-sidebar-layout":"default","site-content-layout":"","ast-site-content-layout":"default","site-content-style":"default","site-sidebar-style":"default","ast-global-header-display":"","ast-banner-title-visibility":"","ast-main-header-display":"","ast-hfb-above-header-display":"","ast-hfb-below-header-display":"","ast-hfb-mobile-header-display":"","site-post-title":"","ast-breadcrumbs-content":"","ast-featured-img":"","footer-sml-layout":"","theme-transparent-header-meta":"default","adv-header-id-meta":"","stick-header-meta":"","header-above-stick-meta":"","header-main-stick-meta":"","header-below-stick-meta":"","astra-migrate-meta-layouts":"set","ast-page-background-enabled":"default","ast-page-background-meta":{"desktop":{"background-color":"","background-image":"","background-repeat":"repeat","background-position":"center center","background-size":"auto","background-attachment":"scroll","background-type":"","background-media":"","overlay-type":"","overlay-color":"","overlay-opacity":"","overlay-gradient":""},"tablet":{"background-color":"","background-image":"","background-repeat":"repeat","background-position":"center center","background-size":"auto","background-attachment":"scroll","background-type":"","background-media":"","overlay-type":"","overlay-color":"","overlay-opacity":"","overlay-gradient":""},"mobile":{"background-color":"","background-image":"","background-repeat":"repeat","background-position":"center center","background-size":"auto","background-attachment":"scroll","background-type":"","background-media":"","overlay-type":"","overlay-color":"","overlay-opacity":"","overlay-gradient":""}},"ast-content-background-meta":{"desktop":{"background-color":"var(--ast-global-color-5)","background-image":"","background-repeat":"repeat","background-position":"center center","background-size":"auto","background-attachment":"scroll","background-type":"","background-media":"","overlay-type":"","overlay-color":"","overlay-opacity":"","overlay-gradient":""},"tablet":{"background-color":"var(--ast-global-color-5)","background-image":"","background-repeat":"repeat","background-position":"center center","background-size":"auto","background-attachment":"scroll","background-type":"","background-media":"","overlay-type":"","overlay-color":"","overlay-opacity":"","overlay-gradient":""},"mobile":{"background-color":"var(--ast-global-color-5)","background-image":"","background-repeat":"repeat","background-position":"center center","background-size":"auto","background-attachment":"scroll","background-type":"","background-media":"","overlay-type":"","overlay-color":"","overlay-opacity":"","overlay-gradient":""}}},"product_brand":[],"product_cat":[79,47],"product_tag":[101],"class_list":{"0":"post-1405","1":"product","2":"type-product","3":"status-publish","5":"product_cat-alcool-canadien","6":"product_cat-aperos","7":"product_tag-retour-au-menu","8":"desktop-align-left","9":"tablet-align-left","10":"mobile-align-left","12":"first","13":"instock","14":"shipping-taxable","15":"purchasable","16":"product-type-simple"},"_links":{"self":[{"href":"https:\/\/dekode-ia.fr\/en\/wp-json\/wp\/v2\/product\/1405","targetHints":{"allow":["GET"]}}],"collection":[{"href":"https:\/\/dekode-ia.fr\/en\/wp-json\/wp\/v2\/product"}],"about":[{"href":"https:\/\/dekode-ia.fr\/en\/wp-json\/wp\/v2\/types\/product"}],"version-history":[{"count":0,"href":"https:\/\/dekode-ia.fr\/en\/wp-json\/wp\/v2\/product\/1405\/revisions"}],"wp:attachment":[{"href":"https:\/\/dekode-ia.fr\/en\/wp-json\/wp\/v2\/media?parent=1405"}],"wp:term":[{"taxonomy":"product_brand","embeddable":true,"href":"https:\/\/dekode-ia.fr\/en\/wp-json\/wp\/v2\/product_brand?post=1405"},{"taxonomy":"product_cat","embeddable":true,"href":"https:\/\/dekode-ia.fr\/en\/wp-json\/wp\/v2\/product_cat?post=1405"},{"taxonomy":"product_tag","embeddable":true,"href":"https:\/\/dekode-ia.fr\/en\/wp-json\/wp\/v2\/product_tag?post=1405"}],"curies":[{"name":"wp","href":"https:\/\/api.w.org\/{rel}","templated":true}]}}