{"id":1259,"date":"2025-01-02T20:59:56","date_gmt":"2025-01-02T20:59:56","guid":{"rendered":"http:\/\/wintercafe25.local\/?post_type=product&#038;p=1259"},"modified":"2025-06-26T10:48:10","modified_gmt":"2025-06-26T10:48:10","slug":"brasserie-744-blonde-fruit-rouge","status":"publish","type":"product","link":"https:\/\/dekode-ia.fr\/en\/product\/brasserie-744-blonde-fruit-rouge\/","title":{"rendered":"BLONDE RED FRUIT"},"content":{"rendered":"<p>Une bi\u00e8re qui pr\u00e9sente des ar\u00f4mes prononc\u00e9s de fruits rouges et une finale \u00e9clatante sur des notes de myrtille.<br \/>\nCette bi\u00e8re non sucr\u00e9e ravira vos papilles \u00e9t\u00e9 comme hiver.<\/p>","protected":false},"excerpt":{"rendered":"<p>Une bi\u00e8re qui pr\u00e9sente des ar\u00f4mes prononc\u00e9s de fruits rouges et une finale \u00e9clatante sur des notes de myrtille.<br \/>\nCette bi\u00e8re non sucr\u00e9e ravira vos papilles \u00e9t\u00e9 comme hiver.<\/p>","protected":false},"featured_media":0,"template":"","meta":{"site-sidebar-layout":"default","site-content-layout":"","ast-site-content-layout":"default","site-content-style":"default","site-sidebar-style":"default","ast-global-header-display":"","ast-banner-title-visibility":"","ast-main-header-display":"","ast-hfb-above-header-display":"","ast-hfb-below-header-display":"","ast-hfb-mobile-header-display":"","site-post-title":"","ast-breadcrumbs-content":"","ast-featured-img":"","footer-sml-layout":"","theme-transparent-header-meta":"default","adv-header-id-meta":"","stick-header-meta":"","header-above-stick-meta":"","header-main-stick-meta":"","header-below-stick-meta":"","astra-migrate-meta-layouts":"set","ast-page-background-enabled":"default","ast-page-background-meta":{"desktop":{"background-color":"","background-image":"","background-repeat":"repeat","background-position":"center center","background-size":"auto","background-attachment":"scroll","background-type":"","background-media":"","overlay-type":"","overlay-color":"","overlay-opacity":"","overlay-gradient":""},"tablet":{"background-color":"","background-image":"","background-repeat":"repeat","background-position":"center center","background-size":"auto","background-attachment":"scroll","background-type":"","background-media":"","overlay-type":"","overlay-color":"","overlay-opacity":"","overlay-gradient":""},"mobile":{"background-color":"","background-image":"","background-repeat":"repeat","background-position":"center center","background-size":"auto","background-attachment":"scroll","background-type":"","background-media":"","overlay-type":"","overlay-color":"","overlay-opacity":"","overlay-gradient":""}},"ast-content-background-meta":{"desktop":{"background-color":"var(--ast-global-color-5)","background-image":"","background-repeat":"repeat","background-position":"center center","background-size":"auto","background-attachment":"scroll","background-type":"","background-media":"","overlay-type":"","overlay-color":"","overlay-opacity":"","overlay-gradient":""},"tablet":{"background-color":"var(--ast-global-color-5)","background-image":"","background-repeat":"repeat","background-position":"center center","background-size":"auto","background-attachment":"scroll","background-type":"","background-media":"","overlay-type":"","overlay-color":"","overlay-opacity":"","overlay-gradient":""},"mobile":{"background-color":"var(--ast-global-color-5)","background-image":"","background-repeat":"repeat","background-position":"center center","background-size":"auto","background-attachment":"scroll","background-type":"","background-media":"","overlay-type":"","overlay-color":"","overlay-opacity":"","overlay-gradient":""}}},"product_brand":[],"product_cat":[47,77,74],"product_tag":[101],"class_list":{"0":"post-1259","1":"product","2":"type-product","3":"status-publish","5":"product_cat-aperos","6":"product_cat-biere-bio","7":"product_cat-bieres","8":"product_tag-retour-au-menu","9":"desktop-align-left","10":"tablet-align-left","11":"mobile-align-left","13":"first","14":"instock","15":"shipping-taxable","16":"purchasable","17":"product-type-simple"},"_links":{"self":[{"href":"https:\/\/dekode-ia.fr\/en\/wp-json\/wp\/v2\/product\/1259","targetHints":{"allow":["GET"]}}],"collection":[{"href":"https:\/\/dekode-ia.fr\/en\/wp-json\/wp\/v2\/product"}],"about":[{"href":"https:\/\/dekode-ia.fr\/en\/wp-json\/wp\/v2\/types\/product"}],"version-history":[{"count":0,"href":"https:\/\/dekode-ia.fr\/en\/wp-json\/wp\/v2\/product\/1259\/revisions"}],"wp:attachment":[{"href":"https:\/\/dekode-ia.fr\/en\/wp-json\/wp\/v2\/media?parent=1259"}],"wp:term":[{"taxonomy":"product_brand","embeddable":true,"href":"https:\/\/dekode-ia.fr\/en\/wp-json\/wp\/v2\/product_brand?post=1259"},{"taxonomy":"product_cat","embeddable":true,"href":"https:\/\/dekode-ia.fr\/en\/wp-json\/wp\/v2\/product_cat?post=1259"},{"taxonomy":"product_tag","embeddable":true,"href":"https:\/\/dekode-ia.fr\/en\/wp-json\/wp\/v2\/product_tag?post=1259"}],"curies":[{"name":"wp","href":"https:\/\/api.w.org\/{rel}","templated":true}]}}